{"id":781,"date":"2019-07-19T08:05:42","date_gmt":"2019-07-19T08:05:42","guid":{"rendered":"https:\/\/circle-project.eu\/?page_id=781"},"modified":"2021-03-23T22:13:19","modified_gmt":"2021-03-23T20:13:19","slug":"parceiros","status":"publish","type":"page","link":"https:\/\/www.circle-project.eu\/pt\/parceiros\/","title":{"rendered":"Parceiros"},"content":{"rendered":"\t\t<div data-elementor-type=\"wp-post\" data-elementor-id=\"781\" class=\"elementor elementor-781\" data-elementor-post-type=\"page\">\n\t\t\t\t\t\t<section class=\"elementor-section elementor-top-section elementor-element elementor-element-0cb2842 elementor-section-boxed elementor-section-height-default elementor-section-height-default\" data-id=\"0cb2842\" data-element_type=\"section\" data-e-type=\"section\">\n\t\t\t\t\t\t<div class=\"elementor-container elementor-column-gap-default\">\n\t\t\t\t\t<div class=\"elementor-column elementor-col-100 elementor-top-column elementor-element elementor-element-0f96361\" data-id=\"0f96361\" data-element_type=\"column\" data-e-type=\"column\">\n\t\t\t<div class=\"elementor-widget-wrap elementor-element-populated\">\n\t\t\t\t\t\t<div class=\"elementor-element elementor-element-71b264e elementor-widget elementor-widget-text-editor\" data-id=\"71b264e\" data-element_type=\"widget\" data-e-type=\"widget\" data-widget_type=\"text-editor.default\">\n\t\t\t\t<div class=\"elementor-widget-container\">\n\t\t\t\t\t\t\t\t\t<p align=\"justify\">Para alcan\u00e7ar os melhores resultados para a inclus\u00e3o de crian\u00e7as migrantes \/ refugiadas, junt\u00e1mos for\u00e7as com algumas das organiza\u00e7\u00f5es mais influentes na Europa e cri\u00e1mos uma equipa composta por ONGs, autoridades p\u00fablicas locais e institui\u00e7\u00f5es de ensino nas quais cada parceiro traz um conjunto diferente de mais valias no campo da educa\u00e7\u00e3o e e apoio \u00e0 imigra\u00e7\u00e3o.<\/p>\t\t\t\t\t\t\t\t<\/div>\n\t\t\t\t<\/div>\n\t\t\t\t<div class=\"elementor-element elementor-element-259a7ec elementor-widget-divider--view-line elementor-widget elementor-widget-divider\" data-id=\"259a7ec\" data-element_type=\"widget\" data-e-type=\"widget\" data-widget_type=\"divider.default\">\n\t\t\t\t<div class=\"elementor-widget-container\">\n\t\t\t\t\t\t\t<div class=\"elementor-divider\">\n\t\t\t<span class=\"elementor-divider-separator\">\n\t\t\t\t\t\t<\/span>\n\t\t<\/div>\n\t\t\t\t\t\t<\/div>\n\t\t\t\t<\/div>\n\t\t\t\t\t<\/div>\n\t\t<\/div>\n\t\t\t\t\t<\/div>\n\t\t<\/section>\n\t\t\t\t<section class=\"elementor-section elementor-top-section elementor-element elementor-element-b97ca53 elementor-section-boxed elementor-section-height-default elementor-section-height-default\" data-id=\"b97ca53\" data-element_type=\"section\" data-e-type=\"section\">\n\t\t\t\t\t\t<div class=\"elementor-container elementor-column-gap-default\">\n\t\t\t\t\t<div class=\"elementor-column elementor-col-25 elementor-top-column elementor-element elementor-element-5d6e51b\" data-id=\"5d6e51b\" data-element_type=\"column\" data-e-type=\"column\">\n\t\t\t<div class=\"elementor-widget-wrap elementor-element-populated\">\n\t\t\t\t\t\t<div class=\"elementor-element elementor-element-95ae119 elementor-widget elementor-widget-htmega-flipbox-addons\" data-id=\"95ae119\" data-element_type=\"widget\" data-e-type=\"widget\" data-widget_type=\"htmega-flipbox-addons.default\">\n\t\t\t\t<div class=\"elementor-widget-container\">\n\t\t\t\t\t            \n            <div class=\"htmega-flip-box-area htmega-flip-box-style-2 htmega-flip-box-animation-right\">\n\n                <div class='htmega-flip-box-front'>\n                    <div class=\"front-container\">\n                                                                    <img fetchpriority=\"high\" decoding=\"async\" width=\"506\" height=\"348\" src=\"https:\/\/www.circle-project.eu\/wp-content\/uploads\/2019\/06\/kmop.png\" class=\"attachment-full size-full wp-image-218\" alt=\"\" srcset=\"https:\/\/www.circle-project.eu\/wp-content\/uploads\/2019\/06\/kmop.png 506w, https:\/\/www.circle-project.eu\/wp-content\/uploads\/2019\/06\/kmop-300x206.png 300w\" sizes=\"(max-width: 506px) 100vw, 506px\" \/>                                        <\/div>\n                    <div class=\"htmega-flip-overlay\"><\/div>\n                <\/div>\n\n                <div class='htmega-flip-box-back'>\n                    <div class=\"back-container\">\n                                            <h2>KMOP<\/h2><p>Social Action and Innovation Centre\nGreece<\/p><div class=\"flp-btn\"><a href=\"https:\/\/kmop.gr\/\" target=\"_blank\">Aumenta os teus conhecimentos<\/a><\/div>\n                                            <\/div>\n                    <div class=\"htmega-flip-overlay\"><\/div>\n                <\/div>\n\n            <\/div>\n\n        \t\t\t\t<\/div>\n\t\t\t\t<\/div>\n\t\t\t\t\t<\/div>\n\t\t<\/div>\n\t\t\t\t<div class=\"elementor-column elementor-col-25 elementor-top-column elementor-element elementor-element-63e9839\" data-id=\"63e9839\" data-element_type=\"column\" data-e-type=\"column\">\n\t\t\t<div class=\"elementor-widget-wrap elementor-element-populated\">\n\t\t\t\t\t\t<div class=\"elementor-element elementor-element-dc45010 elementor-widget elementor-widget-htmega-flipbox-addons\" data-id=\"dc45010\" data-element_type=\"widget\" data-e-type=\"widget\" data-widget_type=\"htmega-flipbox-addons.default\">\n\t\t\t\t<div class=\"elementor-widget-container\">\n\t\t\t\t\t            \n            <div class=\"htmega-flip-box-area htmega-flip-box-style-2 htmega-flip-box-animation-right\">\n\n                <div class='htmega-flip-box-front'>\n                    <div class=\"front-container\">\n                                                                    <img decoding=\"async\" width=\"286\" height=\"200\" src=\"https:\/\/www.circle-project.eu\/wp-content\/uploads\/2019\/06\/logo-amadora-INOVA-2.png\" class=\"attachment-full size-full wp-image-205\" alt=\"\" \/>                                        <\/div>\n                    <div class=\"htmega-flip-overlay\"><\/div>\n                <\/div>\n\n                <div class='htmega-flip-box-back'>\n                    <div class=\"back-container\">\n                                            <h2>Amadora Inova<\/h2><p>Portugal<\/p><div class=\"flp-btn\"><a href=\"https:\/\/www.amadorainova.pt\/\" target=\"_blank\">Aumenta os teus conhecimentos<\/a><\/div>\n                                            <\/div>\n                    <div class=\"htmega-flip-overlay\"><\/div>\n                <\/div>\n\n            <\/div>\n\n        \t\t\t\t<\/div>\n\t\t\t\t<\/div>\n\t\t\t\t\t<\/div>\n\t\t<\/div>\n\t\t\t\t<div class=\"elementor-column elementor-col-25 elementor-top-column elementor-element elementor-element-322b50f\" data-id=\"322b50f\" data-element_type=\"column\" data-e-type=\"column\">\n\t\t\t<div class=\"elementor-widget-wrap elementor-element-populated\">\n\t\t\t\t\t\t<div class=\"elementor-element elementor-element-1b42f97 elementor-widget elementor-widget-htmega-flipbox-addons\" data-id=\"1b42f97\" data-element_type=\"widget\" data-e-type=\"widget\" data-widget_type=\"htmega-flipbox-addons.default\">\n\t\t\t\t<div class=\"elementor-widget-container\">\n\t\t\t\t\t            \n            <div class=\"htmega-flip-box-area htmega-flip-box-style-2 htmega-flip-box-animation-right\">\n\n                <div class='htmega-flip-box-front'>\n                    <div class=\"front-container\">\n                                                                    <img decoding=\"async\" width=\"506\" height=\"348\" src=\"https:\/\/www.circle-project.eu\/wp-content\/uploads\/2019\/06\/amadora-3.png\" class=\"attachment-full size-full wp-image-215\" alt=\"\" srcset=\"https:\/\/www.circle-project.eu\/wp-content\/uploads\/2019\/06\/amadora-3.png 506w, https:\/\/www.circle-project.eu\/wp-content\/uploads\/2019\/06\/amadora-3-300x206.png 300w\" sizes=\"(max-width: 506px) 100vw, 506px\" \/>                                        <\/div>\n                    <div class=\"htmega-flip-overlay\"><\/div>\n                <\/div>\n\n                <div class='htmega-flip-box-back'>\n                    <div class=\"back-container\">\n                                            <h2>Amadora Municipality<\/h2><p>Portugal<\/p><div class=\"flp-btn\"><a href=\"http:\/\/www.cm-amadora.pt\/\" target=\"_blank\">Aumenta os teus conhecimentos<\/a><\/div>\n                                            <\/div>\n                    <div class=\"htmega-flip-overlay\"><\/div>\n                <\/div>\n\n            <\/div>\n\n        \t\t\t\t<\/div>\n\t\t\t\t<\/div>\n\t\t\t\t\t<\/div>\n\t\t<\/div>\n\t\t\t\t<div class=\"elementor-column elementor-col-25 elementor-top-column elementor-element elementor-element-0a14638\" data-id=\"0a14638\" data-element_type=\"column\" data-e-type=\"column\">\n\t\t\t<div class=\"elementor-widget-wrap elementor-element-populated\">\n\t\t\t\t\t\t<div class=\"elementor-element elementor-element-14016e5 elementor-widget elementor-widget-htmega-flipbox-addons\" data-id=\"14016e5\" data-element_type=\"widget\" data-e-type=\"widget\" data-widget_type=\"htmega-flipbox-addons.default\">\n\t\t\t\t<div class=\"elementor-widget-container\">\n\t\t\t\t\t            \n            <div class=\"htmega-flip-box-area htmega-flip-box-style-2 htmega-flip-box-animation-right\">\n\n                <div class='htmega-flip-box-front'>\n                    <div class=\"front-container\">\n                                                                    <img loading=\"lazy\" decoding=\"async\" width=\"506\" height=\"348\" src=\"https:\/\/www.circle-project.eu\/wp-content\/uploads\/2019\/06\/marvioleta.png\" class=\"attachment-full size-full wp-image-197\" alt=\"\" srcset=\"https:\/\/www.circle-project.eu\/wp-content\/uploads\/2019\/06\/marvioleta.png 506w, https:\/\/www.circle-project.eu\/wp-content\/uploads\/2019\/06\/marvioleta-300x206.png 300w\" sizes=\"(max-width: 506px) 100vw, 506px\" \/>                                        <\/div>\n                    <div class=\"htmega-flip-overlay\"><\/div>\n                <\/div>\n\n                <div class='htmega-flip-box-back'>\n                    <div class=\"back-container\">\n                                            <h2>Asociacion Mar Violeta<\/h2><p>\nSpain<\/p><div class=\"flp-btn\"><a href=\"http:\/\/asociacionmarvioleta.org\/\" target=\"_blank\">Aumenta os teus conhecimentos<\/a><\/div>\n                                            <\/div>\n                    <div class=\"htmega-flip-overlay\"><\/div>\n                <\/div>\n\n            <\/div>\n\n        \t\t\t\t<\/div>\n\t\t\t\t<\/div>\n\t\t\t\t\t<\/div>\n\t\t<\/div>\n\t\t\t\t\t<\/div>\n\t\t<\/section>\n\t\t\t\t<section class=\"elementor-section elementor-top-section elementor-element elementor-element-3898e7a elementor-section-boxed elementor-section-height-default elementor-section-height-default\" data-id=\"3898e7a\" data-element_type=\"section\" data-e-type=\"section\">\n\t\t\t\t\t\t<div class=\"elementor-container elementor-column-gap-default\">\n\t\t\t\t\t<div class=\"elementor-column elementor-col-25 elementor-top-column elementor-element elementor-element-192d262\" data-id=\"192d262\" data-element_type=\"column\" data-e-type=\"column\">\n\t\t\t<div class=\"elementor-widget-wrap elementor-element-populated\">\n\t\t\t\t\t\t<div class=\"elementor-element elementor-element-8d38855 elementor-widget elementor-widget-htmega-flipbox-addons\" data-id=\"8d38855\" data-element_type=\"widget\" data-e-type=\"widget\" data-widget_type=\"htmega-flipbox-addons.default\">\n\t\t\t\t<div class=\"elementor-widget-container\">\n\t\t\t\t\t            \n            <div class=\"htmega-flip-box-area htmega-flip-box-style-2 htmega-flip-box-animation-right\">\n\n                <div class='htmega-flip-box-front'>\n                    <div class=\"front-container\">\n                                                                    <img decoding=\"async\" src=\"https:\/\/www.circle-project.eu\/wp-content\/uploads\/2019\/06\/provincia-livorno-sviluppo-01.png\" title=\"provincia-livorno-sviluppo-01\" alt=\"provincia-livorno-sviluppo-01\" loading=\"lazy\" \/>                                        <\/div>\n                    <div class=\"htmega-flip-overlay\"><\/div>\n                <\/div>\n\n                <div class='htmega-flip-box-back'>\n                    <div class=\"back-container\">\n                                            <h2>Provincia di Livorno Sviluppo Srl \u2013 PLIS<\/h2><p>Italy<\/p><div class=\"flp-btn\"><a href=\"https:\/\/www.provincialivornosviluppo.it\/\" target=\"_blank\">Aumenta os teus conhecimentos<\/a><\/div>\n                                            <\/div>\n                    <div class=\"htmega-flip-overlay\"><\/div>\n                <\/div>\n\n            <\/div>\n\n        \t\t\t\t<\/div>\n\t\t\t\t<\/div>\n\t\t\t\t\t<\/div>\n\t\t<\/div>\n\t\t\t\t<div class=\"elementor-column elementor-col-25 elementor-top-column elementor-element elementor-element-f4ae20c\" data-id=\"f4ae20c\" data-element_type=\"column\" data-e-type=\"column\">\n\t\t\t<div class=\"elementor-widget-wrap elementor-element-populated\">\n\t\t\t\t\t\t<div class=\"elementor-element elementor-element-ca599b6 elementor-widget elementor-widget-htmega-flipbox-addons\" data-id=\"ca599b6\" data-element_type=\"widget\" data-e-type=\"widget\" data-widget_type=\"htmega-flipbox-addons.default\">\n\t\t\t\t<div class=\"elementor-widget-container\">\n\t\t\t\t\t            \n            <div class=\"htmega-flip-box-area htmega-flip-box-style-2 htmega-flip-box-animation-right\">\n\n                <div class='htmega-flip-box-front'>\n                    <div class=\"front-container\">\n                                                                    <img decoding=\"async\" src=\"https:\/\/www.circle-project.eu\/wp-content\/uploads\/2019\/06\/pdemak-355x280.png\" title=\"pdemak\" alt=\"pdemak\" loading=\"lazy\" \/>                                        <\/div>\n                    <div class=\"htmega-flip-overlay\"><\/div>\n                <\/div>\n\n                <div class='htmega-flip-box-back'>\n                    <div class=\"back-container\">\n                                            <h2>The Regional Directorate of Primary and Secondary Education of Central Macedonia <\/h2><p>Greece<\/p><div class=\"flp-btn\"><a href=\"https:\/\/kmaked.pde.sch.gr\/site\/\" target=\"_blank\">Aumenta os teus conhecimentos<\/a><\/div>\n                                            <\/div>\n                    <div class=\"htmega-flip-overlay\"><\/div>\n                <\/div>\n\n            <\/div>\n\n        \t\t\t\t<\/div>\n\t\t\t\t<\/div>\n\t\t\t\t\t<\/div>\n\t\t<\/div>\n\t\t\t\t<div class=\"elementor-column elementor-col-25 elementor-top-column elementor-element elementor-element-c440a7f\" data-id=\"c440a7f\" data-element_type=\"column\" data-e-type=\"column\">\n\t\t\t<div class=\"elementor-widget-wrap elementor-element-populated\">\n\t\t\t\t\t\t<div class=\"elementor-element elementor-element-c0e5459 elementor-widget elementor-widget-htmega-flipbox-addons\" data-id=\"c0e5459\" data-element_type=\"widget\" data-e-type=\"widget\" data-widget_type=\"htmega-flipbox-addons.default\">\n\t\t\t\t<div class=\"elementor-widget-container\">\n\t\t\t\t\t            \n            <div class=\"htmega-flip-box-area htmega-flip-box-style-2 htmega-flip-box-animation-right\">\n\n                <div class='htmega-flip-box-front'>\n                    <div class=\"front-container\">\n                                                                    <img loading=\"lazy\" decoding=\"async\" width=\"396\" height=\"348\" src=\"https:\/\/www.circle-project.eu\/wp-content\/uploads\/2019\/06\/The-Provincia-di-Livorno-396x348.png\" class=\"attachment-htmega_size_396x360 size-htmega_size_396x360 wp-image-239\" alt=\"\" \/>                                        <\/div>\n                    <div class=\"htmega-flip-overlay\"><\/div>\n                <\/div>\n\n                <div class='htmega-flip-box-back'>\n                    <div class=\"back-container\">\n                                            <h2>The Provincia di Livorno<\/h2><p>Italy<\/p><div class=\"flp-btn\"><a href=\"http:\/\/www.provincia.livorno.it\/\" target=\"_blank\">Aumenta os teus conhecimentos<\/a><\/div>\n                                            <\/div>\n                    <div class=\"htmega-flip-overlay\"><\/div>\n                <\/div>\n\n            <\/div>\n\n        \t\t\t\t<\/div>\n\t\t\t\t<\/div>\n\t\t\t\t\t<\/div>\n\t\t<\/div>\n\t\t\t\t<div class=\"elementor-column elementor-col-25 elementor-top-column elementor-element elementor-element-8783370\" data-id=\"8783370\" data-element_type=\"column\" data-e-type=\"column\">\n\t\t\t<div class=\"elementor-widget-wrap elementor-element-populated\">\n\t\t\t\t\t\t<div class=\"elementor-element elementor-element-0354dc8 elementor-widget elementor-widget-htmega-flipbox-addons\" data-id=\"0354dc8\" data-element_type=\"widget\" data-e-type=\"widget\" data-widget_type=\"htmega-flipbox-addons.default\">\n\t\t\t\t<div class=\"elementor-widget-container\">\n\t\t\t\t\t            \n            <div class=\"htmega-flip-box-area htmega-flip-box-style-2 htmega-flip-box-animation-right\">\n\n                <div class='htmega-flip-box-front'>\n                    <div class=\"front-container\">\n                                                                                                            <\/div>\n                    <div class=\"htmega-flip-overlay\"><\/div>\n                <\/div>\n\n                <div class='htmega-flip-box-back'>\n                    <div class=\"back-container\">\n                                            <h2>\u0395UROTraining<\/h2><p>Greece<\/p><div class=\"flp-btn\"><a href=\"https:\/\/www.eurotraining.gr\/\" target=\"_blank\">Aumenta os teus conhecimentos<\/a><\/div>\n                                            <\/div>\n                    <div class=\"htmega-flip-overlay\"><\/div>\n                <\/div>\n\n            <\/div>\n\n        \t\t\t\t<\/div>\n\t\t\t\t<\/div>\n\t\t\t\t\t<\/div>\n\t\t<\/div>\n\t\t\t\t\t<\/div>\n\t\t<\/section>\n\t\t\t\t<\/div>\n\t\t","protected":false},"excerpt":{"rendered":"<p>Para alcan\u00e7ar os melhores resultados para a inclus\u00e3o de crian\u00e7as migrantes \/ refugiadas, junt\u00e1mos for\u00e7as com algumas das organiza\u00e7\u00f5es mais influentes na Europa e cri\u00e1mos uma equipa composta por ONGs, autoridades p\u00fablicas locais e institui\u00e7\u00f5es de ensino nas quais cada parceiro traz um conjunto diferente de mais valias no campo da educa\u00e7\u00e3o e e apoio [&hellip;]<\/p>\n","protected":false},"author":1,"featured_media":0,"parent":0,"menu_order":0,"comment_status":"closed","ping_status":"closed","template":"","meta":{"ocean_post_layout":"full-width","ocean_both_sidebars_style":"","ocean_both_sidebars_content_width":0,"ocean_both_sidebars_sidebars_width":0,"ocean_sidebar":"0","ocean_second_sidebar":"0","ocean_disable_margins":"enable","ocean_add_body_class":"","ocean_shortcode_before_top_bar":"","ocean_shortcode_after_top_bar":"","ocean_shortcode_before_header":"","ocean_shortcode_after_header":"","ocean_has_shortcode":"","ocean_shortcode_after_title":"","ocean_shortcode_before_footer_widgets":"","ocean_shortcode_after_footer_widgets":"","ocean_shortcode_before_footer_bottom":"","ocean_shortcode_after_footer_bottom":"","ocean_display_top_bar":"default","ocean_display_header":"default","ocean_header_style":"","ocean_center_header_left_menu":"0","ocean_custom_header_template":"0","ocean_custom_logo":0,"ocean_custom_retina_logo":0,"ocean_custom_logo_max_width":0,"ocean_custom_logo_tablet_max_width":0,"ocean_custom_logo_mobile_max_width":0,"ocean_custom_logo_max_height":0,"ocean_custom_logo_tablet_max_height":0,"ocean_custom_logo_mobile_max_height":0,"ocean_header_custom_menu":"0","ocean_menu_typo_font_family":"0","ocean_menu_typo_font_subset":"","ocean_menu_typo_font_size":0,"ocean_menu_typo_font_size_tablet":0,"ocean_menu_typo_font_size_mobile":0,"ocean_menu_typo_font_size_unit":"px","ocean_menu_typo_font_weight":"","ocean_menu_typo_font_weight_tablet":"","ocean_menu_typo_font_weight_mobile":"","ocean_menu_typo_transform":"","ocean_menu_typo_transform_tablet":"","ocean_menu_typo_transform_mobile":"","ocean_menu_typo_line_height":0,"ocean_menu_typo_line_height_tablet":0,"ocean_menu_typo_line_height_mobile":0,"ocean_menu_typo_line_height_unit":"","ocean_menu_typo_spacing":0,"ocean_menu_typo_spacing_tablet":0,"ocean_menu_typo_spacing_mobile":0,"ocean_menu_typo_spacing_unit":"","ocean_menu_link_color":"","ocean_menu_link_color_hover":"","ocean_menu_link_color_active":"","ocean_menu_link_background":"","ocean_menu_link_hover_background":"","ocean_menu_link_active_background":"","ocean_menu_social_links_bg":"","ocean_menu_social_hover_links_bg":"","ocean_menu_social_links_color":"","ocean_menu_social_hover_links_color":"","ocean_disable_title":"default","ocean_disable_heading":"default","ocean_post_title":"","ocean_post_subheading":"","ocean_post_title_style":"","ocean_post_title_background_color":"","ocean_post_title_background":0,"ocean_post_title_bg_image_position":"","ocean_post_title_bg_image_attachment":"","ocean_post_title_bg_image_repeat":"","ocean_post_title_bg_image_size":"","ocean_post_title_height":0,"ocean_post_title_bg_overlay":0.5,"ocean_post_title_bg_overlay_color":"","ocean_disable_breadcrumbs":"default","ocean_breadcrumbs_color":"","ocean_breadcrumbs_separator_color":"","ocean_breadcrumbs_links_color":"","ocean_breadcrumbs_links_hover_color":"","ocean_display_footer_widgets":"default","ocean_display_footer_bottom":"default","ocean_custom_footer_template":"0","footnotes":""},"class_list":["post-781","page","type-page","status-publish","hentry","entry"],"_links":{"self":[{"href":"https:\/\/www.circle-project.eu\/wp-json\/wp\/v2\/pages\/781","targetHints":{"allow":["GET"]}}],"collection":[{"href":"https:\/\/www.circle-project.eu\/wp-json\/wp\/v2\/pages"}],"about":[{"href":"https:\/\/www.circle-project.eu\/wp-json\/wp\/v2\/types\/page"}],"author":[{"embeddable":true,"href":"https:\/\/www.circle-project.eu\/wp-json\/wp\/v2\/users\/1"}],"replies":[{"embeddable":true,"href":"https:\/\/www.circle-project.eu\/wp-json\/wp\/v2\/comments?post=781"}],"version-history":[{"count":6,"href":"https:\/\/www.circle-project.eu\/wp-json\/wp\/v2\/pages\/781\/revisions"}],"predecessor-version":[{"id":1166,"href":"https:\/\/www.circle-project.eu\/wp-json\/wp\/v2\/pages\/781\/revisions\/1166"}],"wp:attachment":[{"href":"https:\/\/www.circle-project.eu\/wp-json\/wp\/v2\/media?parent=781"}],"curies":[{"name":"wp","href":"https:\/\/api.w.org\/{rel}","templated":true}]}}