{"id":855,"date":"2019-07-22T10:55:13","date_gmt":"2019-07-22T10:55:13","guid":{"rendered":"https:\/\/circle-project.eu\/?page_id=855"},"modified":"2021-07-28T16:57:36","modified_gmt":"2021-07-28T13:57:36","slug":"noticias-2","status":"publish","type":"page","link":"https:\/\/www.circle-project.eu\/es\/noticias-2\/","title":{"rendered":"NOTICIAS"},"content":{"rendered":"\t\t<div data-elementor-type=\"wp-post\" data-elementor-id=\"855\" class=\"elementor elementor-855\" data-elementor-post-type=\"page\">\n\t\t\t\t\t\t<section class=\"elementor-section elementor-top-section elementor-element elementor-element-c605e8d elementor-section-boxed elementor-section-height-default elementor-section-height-default\" data-id=\"c605e8d\" data-element_type=\"section\" data-e-type=\"section\">\n\t\t\t\t\t\t<div class=\"elementor-container elementor-column-gap-default\">\n\t\t\t\t\t<div class=\"elementor-column elementor-col-33 elementor-top-column elementor-element elementor-element-23e403e\" data-id=\"23e403e\" data-element_type=\"column\" data-e-type=\"column\">\n\t\t\t<div class=\"elementor-widget-wrap elementor-element-populated\">\n\t\t\t\t\t\t<div class=\"elementor-element elementor-element-ed26b38 elementor-widget elementor-widget-image\" data-id=\"ed26b38\" data-element_type=\"widget\" data-e-type=\"widget\" data-widget_type=\"image.default\">\n\t\t\t\t<div class=\"elementor-widget-container\">\n\t\t\t\t\t\t\t\t\t\t\t\t<figure class=\"wp-caption\">\n\t\t\t\t\t\t\t\t\t\t\t<a href=\"https:\/\/circle-project.eu\/wp-content\/uploads\/2019\/06\/HOMBAT_TRAINERS_MANUAL_GR-1-pdf-image.jpg\" data-elementor-open-lightbox=\"yes\" data-e-action-hash=\"#elementor-action%3Aaction%3Dlightbox%26settings%3DeyJpZCI6MTU4LCJ1cmwiOmZhbHNlfQ%3D%3D\">\n\t\t\t\t\t\t\t<img decoding=\"async\" src=\"https:\/\/circle-project.eu\/wp-content\/uploads\/2019\/06\/HOMBAT_TRAINERS_MANUAL_GR-1-pdf-image.jpg\" title=\"\" alt=\"\" loading=\"lazy\" \/>\t\t\t\t\t\t\t\t<\/a>\n\t\t\t\t\t\t\t\t\t\t\t<figcaption class=\"widget-image-caption wp-caption-text\"><\/figcaption>\n\t\t\t\t\t\t\t\t\t\t<\/figure>\n\t\t\t\t\t\t\t\t\t<\/div>\n\t\t\t\t<\/div>\n\t\t\t\t\t<\/div>\n\t\t<\/div>\n\t\t\t\t<div class=\"elementor-column elementor-col-33 elementor-top-column elementor-element elementor-element-78bbc23\" data-id=\"78bbc23\" data-element_type=\"column\" data-e-type=\"column\">\n\t\t\t<div class=\"elementor-widget-wrap elementor-element-populated\">\n\t\t\t\t\t\t<div class=\"elementor-element elementor-element-7adade8 elementor-widget elementor-widget-image\" data-id=\"7adade8\" data-element_type=\"widget\" data-e-type=\"widget\" data-widget_type=\"image.default\">\n\t\t\t\t<div class=\"elementor-widget-container\">\n\t\t\t\t\t\t\t\t\t\t\t\t\t\t\t\t<a href=\"https:\/\/circle-project.eu\/wp-content\/uploads\/2019\/06\/ethos_training_manual_GR_final_comments-Theofilopoulos-1-pdf-image.jpg\" data-elementor-open-lightbox=\"yes\" data-e-action-hash=\"#elementor-action%3Aaction%3Dlightbox%26settings%3DeyJpZCI6MTU1LCJ1cmwiOmZhbHNlfQ%3D%3D\">\n\t\t\t\t\t\t\t<img decoding=\"async\" src=\"https:\/\/circle-project.eu\/wp-content\/uploads\/2019\/06\/ethos_training_manual_GR_final_comments-Theofilopoulos-1-pdf-image.jpg\" title=\"\" alt=\"\" loading=\"lazy\" \/>\t\t\t\t\t\t\t\t<\/a>\n\t\t\t\t\t\t\t\t\t\t\t\t\t\t\t<\/div>\n\t\t\t\t<\/div>\n\t\t\t\t\t<\/div>\n\t\t<\/div>\n\t\t\t\t<div class=\"elementor-column elementor-col-33 elementor-top-column elementor-element elementor-element-d0f3791\" data-id=\"d0f3791\" data-element_type=\"column\" data-e-type=\"column\">\n\t\t\t<div class=\"elementor-widget-wrap elementor-element-populated\">\n\t\t\t\t\t\t<div class=\"elementor-element elementor-element-009dc29 elementor-widget elementor-widget-image\" data-id=\"009dc29\" data-element_type=\"widget\" data-e-type=\"widget\" data-widget_type=\"image.default\">\n\t\t\t\t<div class=\"elementor-widget-container\">\n\t\t\t\t\t\t\t\t\t\t\t\t<figure class=\"wp-caption\">\n\t\t\t\t\t\t\t\t\t\t\t<a href=\"https:\/\/circle-project.eu\/wp-content\/uploads\/2019\/06\/HOMBAT_TRAINERS_MANUAL_GR-1.pdf\" target=\"_blank\">\n\t\t\t\t\t\t\t<img decoding=\"async\" src=\"https:\/\/circle-project.eu\/wp-content\/uploads\/2019\/06\/HOMBAT_TRAINERS_MANUAL_GR-1-pdf-image.jpg\" title=\"\" alt=\"\" loading=\"lazy\" \/>\t\t\t\t\t\t\t\t<\/a>\n\t\t\t\t\t\t\t\t\t\t\t<figcaption class=\"widget-image-caption wp-caption-text\"><\/figcaption>\n\t\t\t\t\t\t\t\t\t\t<\/figure>\n\t\t\t\t\t\t\t\t\t<\/div>\n\t\t\t\t<\/div>\n\t\t\t\t\t<\/div>\n\t\t<\/div>\n\t\t\t\t\t<\/div>\n\t\t<\/section>\n\t\t\t\t<section class=\"elementor-section elementor-top-section elementor-element elementor-element-ba2c519 elementor-section-height-min-height elementor-section-boxed elementor-section-height-default elementor-section-items-middle\" data-id=\"ba2c519\" data-element_type=\"section\" data-e-type=\"section\">\n\t\t\t\t\t\t<div class=\"elementor-container elementor-column-gap-narrow\">\n\t\t\t\t\t<div class=\"elementor-column elementor-col-50 elementor-top-column elementor-element elementor-element-fa6c83c\" data-id=\"fa6c83c\" data-element_type=\"column\" data-e-type=\"column\">\n\t\t\t<div class=\"elementor-widget-wrap elementor-element-populated\">\n\t\t\t\t\t\t<div class=\"elementor-element elementor-element-efec690 elementor-grid-2 elementor-grid-tablet-2 elementor-grid-mobile-1 elementor-posts--thumbnail-top elementor-widget elementor-widget-posts\" data-id=\"efec690\" data-element_type=\"widget\" data-e-type=\"widget\" data-settings=\"{&quot;classic_columns&quot;:&quot;2&quot;,&quot;classic_columns_tablet&quot;:&quot;2&quot;,&quot;classic_columns_mobile&quot;:&quot;1&quot;,&quot;classic_row_gap&quot;:{&quot;unit&quot;:&quot;px&quot;,&quot;size&quot;:35,&quot;sizes&quot;:[]},&quot;classic_row_gap_tablet&quot;:{&quot;unit&quot;:&quot;px&quot;,&quot;size&quot;:&quot;&quot;,&quot;sizes&quot;:[]},&quot;classic_row_gap_mobile&quot;:{&quot;unit&quot;:&quot;px&quot;,&quot;size&quot;:&quot;&quot;,&quot;sizes&quot;:[]}}\" data-widget_type=\"posts.classic\">\n\t\t\t\t<div class=\"elementor-widget-container\">\n\t\t\t\t\t\t\t<div class=\"elementor-posts-container elementor-posts elementor-posts--skin-classic elementor-grid\" role=\"list\">\n\t\t\t\t<article class=\"elementor-post elementor-grid-item post-1390 post type-post status-publish format-standard has-post-thumbnail hentry category-news-es tag-news entry has-media\" role=\"listitem\">\n\t\t\t\t<a class=\"elementor-post__thumbnail__link\" href=\"https:\/\/www.circle-project.eu\/es\/accediendo-al-conocimiento-previo-de-menores-refugiados-migrantes-ya-disponibles-en-la-plataforma-coeus-los-modulos-en-linea-para-formadores-aprendices\/\" tabindex=\"-1\" >\n\t\t\t<div class=\"elementor-post__thumbnail\"><img fetchpriority=\"high\" decoding=\"async\" width=\"300\" height=\"200\" src=\"https:\/\/www.circle-project.eu\/wp-content\/uploads\/2021\/07\/circle-300x200.jpg\" class=\"attachment-medium size-medium wp-image-1333\" alt=\"\" srcset=\"https:\/\/www.circle-project.eu\/wp-content\/uploads\/2021\/07\/circle-300x200.jpg 300w, https:\/\/www.circle-project.eu\/wp-content\/uploads\/2021\/07\/circle-1024x682.jpg 1024w, https:\/\/www.circle-project.eu\/wp-content\/uploads\/2021\/07\/circle-768x512.jpg 768w, https:\/\/www.circle-project.eu\/wp-content\/uploads\/2021\/07\/circle-1536x1024.jpg 1536w, https:\/\/www.circle-project.eu\/wp-content\/uploads\/2021\/07\/circle.jpg 1613w\" sizes=\"(max-width: 300px) 100vw, 300px\" \/><\/div>\n\t\t<\/a>\n\t\t\t\t<div class=\"elementor-post__text\">\n\t\t\t\t<h3 class=\"elementor-post__title\">\n\t\t\t<a href=\"https:\/\/www.circle-project.eu\/es\/accediendo-al-conocimiento-previo-de-menores-refugiados-migrantes-ya-disponibles-en-la-plataforma-coeus-los-modulos-en-linea-para-formadores-aprendices\/\" >\n\t\t\t\tAccediendo al conocimiento previo de menores refugiados\/migrantes Ya disponibles en la plataforma COEUS los m\u00f3dulos en l\u00ednea para formadores\/aprendices\t\t\t<\/a>\n\t\t<\/h3>\n\t\t\t\t<div class=\"elementor-post__meta-data\">\n\t\t\t\t\t<span class=\"elementor-post-date\">\n\t\t\tJuly 28, 2021\t\t<\/span>\n\t\t\t\t<\/div>\n\t\t\t\t<div class=\"elementor-post__excerpt\">\n\t\t\t<p>La educaci\u00f3n es un elemento fundamental para la inclusi\u00f3n de los menores migrantes y refugiados en las comunidades de acogida. El aforo insuficiente en las<\/p>\n\t\t<\/div>\n\t\t\n\t\t<a class=\"elementor-post__read-more\" href=\"https:\/\/www.circle-project.eu\/es\/accediendo-al-conocimiento-previo-de-menores-refugiados-migrantes-ya-disponibles-en-la-plataforma-coeus-los-modulos-en-linea-para-formadores-aprendices\/\" aria-label=\"Read more about Accediendo al conocimiento previo de menores refugiados\/migrantes Ya disponibles en la plataforma COEUS los m\u00f3dulos en l\u00ednea para formadores\/aprendices\" tabindex=\"-1\" >\n\t\t\tRead More \u00bb\t\t<\/a>\n\n\t\t\t\t<\/div>\n\t\t\t\t<\/article>\n\t\t\t\t<article class=\"elementor-post elementor-grid-item post-1388 post type-post status-publish format-standard has-post-thumbnail hentry category-news-es entry has-media\" role=\"listitem\">\n\t\t\t\t<a class=\"elementor-post__thumbnail__link\" href=\"https:\/\/www.circle-project.eu\/es\/accediendo-al-conocimiento-previo-de-los-ninos-refugiados-inmigrantes\/\" tabindex=\"-1\" >\n\t\t\t<div class=\"elementor-post__thumbnail\"><img decoding=\"async\" width=\"300\" height=\"178\" src=\"https:\/\/www.circle-project.eu\/wp-content\/uploads\/2021\/07\/circle_v3-300x178.jpg\" class=\"attachment-medium size-medium wp-image-1363\" alt=\"\" srcset=\"https:\/\/www.circle-project.eu\/wp-content\/uploads\/2021\/07\/circle_v3-300x178.jpg 300w, https:\/\/www.circle-project.eu\/wp-content\/uploads\/2021\/07\/circle_v3.jpg 720w\" sizes=\"(max-width: 300px) 100vw, 300px\" \/><\/div>\n\t\t<\/a>\n\t\t\t\t<div class=\"elementor-post__text\">\n\t\t\t\t<h3 class=\"elementor-post__title\">\n\t\t\t<a href=\"https:\/\/www.circle-project.eu\/es\/accediendo-al-conocimiento-previo-de-los-ninos-refugiados-inmigrantes\/\" >\n\t\t\t\tAccediendo al conocimiento previo de los ni\u00f1os refugiados\/inmigrantes\t\t\t<\/a>\n\t\t<\/h3>\n\t\t\t\t<div class=\"elementor-post__meta-data\">\n\t\t\t\t\t<span class=\"elementor-post-date\">\n\t\t\tJuly 28, 2021\t\t<\/span>\n\t\t\t\t<\/div>\n\t\t\t\t<div class=\"elementor-post__excerpt\">\n\t\t\t<p>La educaci\u00f3n es un elemento clave para la inclusi\u00f3n social de los ni\u00f1os inmigrantes y refugiados en las comunidades de acogida. La capacidad insuficiente de<\/p>\n\t\t<\/div>\n\t\t\n\t\t<a class=\"elementor-post__read-more\" href=\"https:\/\/www.circle-project.eu\/es\/accediendo-al-conocimiento-previo-de-los-ninos-refugiados-inmigrantes\/\" aria-label=\"Read more about Accediendo al conocimiento previo de los ni\u00f1os refugiados\/inmigrantes\" tabindex=\"-1\" >\n\t\t\tRead More \u00bb\t\t<\/a>\n\n\t\t\t\t<\/div>\n\t\t\t\t<\/article>\n\t\t\t\t<article class=\"elementor-post elementor-grid-item post-1386 post type-post status-publish format-standard has-post-thumbnail hentry category-news-es entry has-media\" role=\"listitem\">\n\t\t\t\t<a class=\"elementor-post__thumbnail__link\" href=\"https:\/\/www.circle-project.eu\/es\/accediendo-al-conocimiento-previo-de-menores-refugiados-migrantes\/\" tabindex=\"-1\" >\n\t\t\t<div class=\"elementor-post__thumbnail\"><img fetchpriority=\"high\" decoding=\"async\" width=\"300\" height=\"200\" src=\"https:\/\/www.circle-project.eu\/wp-content\/uploads\/2021\/07\/circle-300x200.jpg\" class=\"attachment-medium size-medium wp-image-1333\" alt=\"\" srcset=\"https:\/\/www.circle-project.eu\/wp-content\/uploads\/2021\/07\/circle-300x200.jpg 300w, https:\/\/www.circle-project.eu\/wp-content\/uploads\/2021\/07\/circle-1024x682.jpg 1024w, https:\/\/www.circle-project.eu\/wp-content\/uploads\/2021\/07\/circle-768x512.jpg 768w, https:\/\/www.circle-project.eu\/wp-content\/uploads\/2021\/07\/circle-1536x1024.jpg 1536w, https:\/\/www.circle-project.eu\/wp-content\/uploads\/2021\/07\/circle.jpg 1613w\" sizes=\"(max-width: 300px) 100vw, 300px\" \/><\/div>\n\t\t<\/a>\n\t\t\t\t<div class=\"elementor-post__text\">\n\t\t\t\t<h3 class=\"elementor-post__title\">\n\t\t\t<a href=\"https:\/\/www.circle-project.eu\/es\/accediendo-al-conocimiento-previo-de-menores-refugiados-migrantes\/\" >\n\t\t\t\tAccediendo al conocimiento previo de menores refugiados\/migrantes\t\t\t<\/a>\n\t\t<\/h3>\n\t\t\t\t<div class=\"elementor-post__meta-data\">\n\t\t\t\t\t<span class=\"elementor-post-date\">\n\t\t\tJuly 28, 2021\t\t<\/span>\n\t\t\t\t<\/div>\n\t\t\t\t<div class=\"elementor-post__excerpt\">\n\t\t\t<p>La educaci\u00f3n es un elemento fundamental para la inclusi\u00f3n de los menores migrantes y refugiados en las comunidades de acogida. El aforo insuficiente en las<\/p>\n\t\t<\/div>\n\t\t\n\t\t<a class=\"elementor-post__read-more\" href=\"https:\/\/www.circle-project.eu\/es\/accediendo-al-conocimiento-previo-de-menores-refugiados-migrantes\/\" aria-label=\"Read more about Accediendo al conocimiento previo de menores refugiados\/migrantes\" tabindex=\"-1\" >\n\t\t\tRead More \u00bb\t\t<\/a>\n\n\t\t\t\t<\/div>\n\t\t\t\t<\/article>\n\t\t\t\t<article class=\"elementor-post elementor-grid-item post-1384 post type-post status-publish format-standard has-post-thumbnail hentry category-news-es entry has-media\" role=\"listitem\">\n\t\t\t\t<a class=\"elementor-post__thumbnail__link\" href=\"https:\/\/www.circle-project.eu\/es\/manuales-para-evaluar-el-aprendizaje-previo-de-los-ninos-refugiados-o-inmigrantes-recien-llegados\/\" tabindex=\"-1\" >\n\t\t\t<div class=\"elementor-post__thumbnail\"><img decoding=\"async\" width=\"300\" height=\"158\" src=\"https:\/\/www.circle-project.eu\/wp-content\/uploads\/2020\/06\/Booklets_Circle--300x158.jpg\" class=\"attachment-medium size-medium wp-image-1116\" alt=\"Classroom with pupils\" srcset=\"https:\/\/www.circle-project.eu\/wp-content\/uploads\/2020\/06\/Booklets_Circle--300x158.jpg 300w, https:\/\/www.circle-project.eu\/wp-content\/uploads\/2020\/06\/Booklets_Circle--1024x538.jpg 1024w, https:\/\/www.circle-project.eu\/wp-content\/uploads\/2020\/06\/Booklets_Circle--768x403.jpg 768w, https:\/\/www.circle-project.eu\/wp-content\/uploads\/2020\/06\/Booklets_Circle-.jpg 1200w\" sizes=\"(max-width: 300px) 100vw, 300px\" \/><\/div>\n\t\t<\/a>\n\t\t\t\t<div class=\"elementor-post__text\">\n\t\t\t\t<h3 class=\"elementor-post__title\">\n\t\t\t<a href=\"https:\/\/www.circle-project.eu\/es\/manuales-para-evaluar-el-aprendizaje-previo-de-los-ninos-refugiados-o-inmigrantes-recien-llegados\/\" >\n\t\t\t\tManuales para evaluar el aprendizaje previo de los ni\u00f1os refugiados o inmigrantes reci\u00e9n llegados\t\t\t<\/a>\n\t\t<\/h3>\n\t\t\t\t<div class=\"elementor-post__meta-data\">\n\t\t\t\t\t<span class=\"elementor-post-date\">\n\t\t\tJuly 28, 2021\t\t<\/span>\n\t\t\t\t<\/div>\n\t\t\t\t<div class=\"elementor-post__excerpt\">\n\t\t\t<p>La educaci\u00f3n es un derecho humano b\u00e1sico y deber\u00eda ser accesible para todos los ni\u00f1os y ni\u00f1as. Sin embargo, seg\u00fan ACNUR, la agencia de la<\/p>\n\t\t<\/div>\n\t\t\n\t\t<a class=\"elementor-post__read-more\" href=\"https:\/\/www.circle-project.eu\/es\/manuales-para-evaluar-el-aprendizaje-previo-de-los-ninos-refugiados-o-inmigrantes-recien-llegados\/\" aria-label=\"Read more about Manuales para evaluar el aprendizaje previo de los ni\u00f1os refugiados o inmigrantes reci\u00e9n llegados\" tabindex=\"-1\" >\n\t\t\tRead More \u00bb\t\t<\/a>\n\n\t\t\t\t<\/div>\n\t\t\t\t<\/article>\n\t\t\t\t<\/div>\n\t\t\n\t\t\t\t\t\t<\/div>\n\t\t\t\t<\/div>\n\t\t\t\t\t<\/div>\n\t\t<\/div>\n\t\t\t\t<div class=\"elementor-column elementor-col-50 elementor-top-column elementor-element elementor-element-21a2cf7\" data-id=\"21a2cf7\" data-element_type=\"column\" data-e-type=\"column\">\n\t\t\t<div class=\"elementor-widget-wrap elementor-element-populated\">\n\t\t\t\t\t\t<div class=\"elementor-element elementor-element-8ed3905 elementor-widget elementor-widget-wp-widget-ocean_facebook\" data-id=\"8ed3905\" data-element_type=\"widget\" data-e-type=\"widget\" data-widget_type=\"wp-widget-ocean_facebook.default\">\n\t\t\t\t<div class=\"elementor-widget-container\">\n\t\t\t\t\t\r\n\t\t\t<iframe src=\"https:\/\/www.facebook.com\/plugins\/likebox.php?href=https%3A%2F%2Fwww.facebook.com%2FCircleProjectEU%2F&#038;width=300&#038;height=300&#038;colorscheme=light&#038;show_faces=true&#038;stream=true&#038;show_border=true&#038;header=false&#038;force_wall=false\" scrolling=\"no\" frameborder=\"0\" style=\"border: none; overflow: hidden; width: 300px;  height: 300px; background: #fff\"><\/iframe>\r\n\t\t\t\t\t\t\t\t\t\t\t\t\t<\/div>\n\t\t\t\t<\/div>\n\t\t\t\t\t<\/div>\n\t\t<\/div>\n\t\t\t\t\t<\/div>\n\t\t<\/section>\n\t\t\t\t<\/div>\n\t\t","protected":false},"excerpt":{"rendered":"","protected":false},"author":1,"featured_media":0,"parent":0,"menu_order":0,"comment_status":"closed","ping_status":"closed","template":"","meta":{"ocean_post_layout":"full-width","ocean_both_sidebars_style":"","ocean_both_sidebars_content_width":0,"ocean_both_sidebars_sidebars_width":0,"ocean_sidebar":"0","ocean_second_sidebar":"0","ocean_disable_margins":"enable","ocean_add_body_class":"","ocean_shortcode_before_top_bar":"","ocean_shortcode_after_top_bar":"","ocean_shortcode_before_header":"","ocean_shortcode_after_header":"","ocean_has_shortcode":"","ocean_shortcode_after_title":"","ocean_shortcode_before_footer_widgets":"","ocean_shortcode_after_footer_widgets":"","ocean_shortcode_before_footer_bottom":"","ocean_shortcode_after_footer_bottom":"","ocean_display_top_bar":"default","ocean_display_header":"default","ocean_header_style":"","ocean_center_header_left_menu":"0","ocean_custom_header_template":"0","ocean_custom_logo":0,"ocean_custom_retina_logo":0,"ocean_custom_logo_max_width":0,"ocean_custom_logo_tablet_max_width":0,"ocean_custom_logo_mobile_max_width":0,"ocean_custom_logo_max_height":0,"ocean_custom_logo_tablet_max_height":0,"ocean_custom_logo_mobile_max_height":0,"ocean_header_custom_menu":"0","ocean_menu_typo_font_family":"0","ocean_menu_typo_font_subset":"","ocean_menu_typo_font_size":0,"ocean_menu_typo_font_size_tablet":0,"ocean_menu_typo_font_size_mobile":0,"ocean_menu_typo_font_size_unit":"px","ocean_menu_typo_font_weight":"","ocean_menu_typo_font_weight_tablet":"","ocean_menu_typo_font_weight_mobile":"","ocean_menu_typo_transform":"","ocean_menu_typo_transform_tablet":"","ocean_menu_typo_transform_mobile":"","ocean_menu_typo_line_height":0,"ocean_menu_typo_line_height_tablet":0,"ocean_menu_typo_line_height_mobile":0,"ocean_menu_typo_line_height_unit":"","ocean_menu_typo_spacing":0,"ocean_menu_typo_spacing_tablet":0,"ocean_menu_typo_spacing_mobile":0,"ocean_menu_typo_spacing_unit":"","ocean_menu_link_color":"","ocean_menu_link_color_hover":"","ocean_menu_link_color_active":"","ocean_menu_link_background":"","ocean_menu_link_hover_background":"","ocean_menu_link_active_background":"","ocean_menu_social_links_bg":"","ocean_menu_social_hover_links_bg":"","ocean_menu_social_links_color":"","ocean_menu_social_hover_links_color":"","ocean_disable_title":"default","ocean_disable_heading":"default","ocean_post_title":"","ocean_post_subheading":"","ocean_post_title_style":"","ocean_post_title_background_color":"","ocean_post_title_background":0,"ocean_post_title_bg_image_position":"","ocean_post_title_bg_image_attachment":"","ocean_post_title_bg_image_repeat":"","ocean_post_title_bg_image_size":"","ocean_post_title_height":0,"ocean_post_title_bg_overlay":0.5,"ocean_post_title_bg_overlay_color":"","ocean_disable_breadcrumbs":"default","ocean_breadcrumbs_color":"","ocean_breadcrumbs_separator_color":"","ocean_breadcrumbs_links_color":"","ocean_breadcrumbs_links_hover_color":"","ocean_display_footer_widgets":"default","ocean_display_footer_bottom":"default","ocean_custom_footer_template":"0","footnotes":""},"class_list":["post-855","page","type-page","status-publish","hentry","entry","has-media"],"_links":{"self":[{"href":"https:\/\/www.circle-project.eu\/wp-json\/wp\/v2\/pages\/855","targetHints":{"allow":["GET"]}}],"collection":[{"href":"https:\/\/www.circle-project.eu\/wp-json\/wp\/v2\/pages"}],"about":[{"href":"https:\/\/www.circle-project.eu\/wp-json\/wp\/v2\/types\/page"}],"author":[{"embeddable":true,"href":"https:\/\/www.circle-project.eu\/wp-json\/wp\/v2\/users\/1"}],"replies":[{"embeddable":true,"href":"https:\/\/www.circle-project.eu\/wp-json\/wp\/v2\/comments?post=855"}],"version-history":[{"count":4,"href":"https:\/\/www.circle-project.eu\/wp-json\/wp\/v2\/pages\/855\/revisions"}],"predecessor-version":[{"id":1452,"href":"https:\/\/www.circle-project.eu\/wp-json\/wp\/v2\/pages\/855\/revisions\/1452"}],"wp:attachment":[{"href":"https:\/\/www.circle-project.eu\/wp-json\/wp\/v2\/media?parent=855"}],"curies":[{"name":"wp","href":"https:\/\/api.w.org\/{rel}","templated":true}]}}